{"id":8229,"date":"2025-11-09T15:29:36","date_gmt":"2025-11-09T15:29:36","guid":{"rendered":"https:\/\/cookiescream.com\/?page_id=8229"},"modified":"2025-11-20T11:47:44","modified_gmt":"2025-11-20T11:47:44","slug":"makersmark","status":"publish","type":"page","link":"https:\/\/cookiescream.com\/de\/makersmark\/","title":{"rendered":"Gifts at Cookies Cream | Get our Maker&#8217;s Mark Private Selection"},"content":{"rendered":"<div data-elementor-type=\"wp-page\" data-elementor-id=\"8229\" class=\"elementor elementor-8229\" data-elementor-post-type=\"page\">\n\t\t\t\t<div class=\"elementor-element elementor-element-5d2de0b6 e-con-full e-flex e-con e-parent\" data-id=\"5d2de0b6\" data-element_type=\"container\" data-e-type=\"container\" data-settings=\"{&quot;background_background&quot;:&quot;gradient&quot;}\">\n\t\t\t\t<div class=\"elementor-element elementor-element-678be62 elementor-widget__width-initial elementor-widget elementor-widget-heading\" data-id=\"678be62\" data-element_type=\"widget\" data-e-type=\"widget\" data-widget_type=\"heading.default\">\n\t\t\t\t<div class=\"elementor-widget-container\">\n\t\t\t\t\t<h1 class=\"elementor-heading-title elementor-size-default\">Unser eigener Bourbon<\/h1>\t\t\t\t<\/div>\n\t\t\t\t<\/div>\n\t\t\t\t<div class=\"elementor-element elementor-element-3a0a17cd elementor-skin-carousel elementor-widget elementor-widget-media-carousel\" data-id=\"3a0a17cd\" data-element_type=\"widget\" data-e-type=\"widget\" data-settings=\"{&quot;slides_per_view&quot;:&quot;3&quot;,&quot;slides_per_view_tablet&quot;:&quot;2&quot;,&quot;slides_per_view_mobile&quot;:&quot;1&quot;,&quot;slides_to_scroll&quot;:&quot;1&quot;,&quot;space_between&quot;:{&quot;unit&quot;:&quot;px&quot;,&quot;size&quot;:15,&quot;sizes&quot;:[]},&quot;lazyload&quot;:&quot;yes&quot;,&quot;skin&quot;:&quot;carousel&quot;,&quot;effect&quot;:&quot;slide&quot;,&quot;speed&quot;:500,&quot;autoplay&quot;:&quot;yes&quot;,&quot;autoplay_speed&quot;:5000,&quot;loop&quot;:&quot;yes&quot;,&quot;pause_on_hover&quot;:&quot;yes&quot;,&quot;space_between_tablet_extra&quot;:{&quot;unit&quot;:&quot;px&quot;,&quot;size&quot;:10,&quot;sizes&quot;:[]},&quot;space_between_tablet&quot;:{&quot;unit&quot;:&quot;px&quot;,&quot;size&quot;:10,&quot;sizes&quot;:[]},&quot;space_between_mobile_extra&quot;:{&quot;unit&quot;:&quot;px&quot;,&quot;size&quot;:10,&quot;sizes&quot;:[]},&quot;space_between_mobile&quot;:{&quot;unit&quot;:&quot;px&quot;,&quot;size&quot;:10,&quot;sizes&quot;:[]}}\" data-widget_type=\"media-carousel.default\">\n\t\t\t\t<div class=\"elementor-widget-container\">\n\t\t\t\t\t\t\t\t\t<div class=\"elementor-swiper\">\n\t\t\t\t\t<div class=\"elementor-main-swiper swiper\" role=\"region\" aria-roledescription=\"carousel\" aria-label=\"Slider\">\n\t\t\t\t<div class=\"swiper-wrapper\">\n\t\t\t\t\t\t\t\t\t\t\t<div class=\"swiper-slide\" role=\"group\" aria-roledescription=\"slide\">\n\t\t\t\t\t\t\t\t\t<div class=\"elementor-carousel-image swiper-lazy\" role=\"img\" aria-label=\"Eine Flasche Maker&#039;s Mark mit dem roten Wachssiegel und Cookies Cream Label\" data-background=\"https:\/\/cookiescream.com\/wp-content\/uploads\/2025\/11\/CookiesCreamMakersMarkBottle.jpg\">\n\n\t\t\t\t\t\t\t<div class=\"swiper-lazy-preloader\"><\/div>\n\t\t\t\n\t\t\t\t\t<\/div>\n\t\t\t\t\t<div class=\"elementor-carousel-image-overlay e-overlay-animation-fade\">\n\t\t\t\t\t\t\t<\/div>\n\t\t\t\t\t\t\t\t\t<\/div>\n\t\t\t\t\t\t\t\t\t\t\t<div class=\"swiper-slide\" role=\"group\" aria-roledescription=\"slide\">\n\t\t\t\t\t\t\t\t\t<div class=\"elementor-carousel-image swiper-lazy\" role=\"img\" aria-label=\"Jan Forsberg von Maker&#039;s Mark und Sam Doyle vom Cookies Cream\" data-background=\"https:\/\/cookiescream.com\/wp-content\/uploads\/2025\/11\/JanForsbergMakersMarkandSamDoyleCookiesCream.jpg\">\n\n\t\t\t\t\t\t\t<div class=\"swiper-lazy-preloader\"><\/div>\n\t\t\t\n\t\t\t\t\t<\/div>\n\t\t\t\t\t<div class=\"elementor-carousel-image-overlay e-overlay-animation-fade\">\n\t\t\t\tJan Forsberg von Maker's Mark und Sam Doyle vom Cookies Cream\t\t\t<\/div>\n\t\t\t\t\t\t\t\t\t<\/div>\n\t\t\t\t\t\t\t\t\t\t\t<div class=\"swiper-slide\" role=\"group\" aria-roledescription=\"slide\">\n\t\t\t\t\t\t\t\t\t<div class=\"elementor-carousel-image swiper-lazy\" role=\"img\" aria-label=\"CookiesCreamMakersMarkBarrels\" data-background=\"https:\/\/cookiescream.com\/wp-content\/uploads\/2025\/11\/CookiesCreamMakersMarkBarrels.jpg\">\n\n\t\t\t\t\t\t\t<div class=\"swiper-lazy-preloader\"><\/div>\n\t\t\t\n\t\t\t\t\t<\/div>\n\t\t\t\t\t<div class=\"elementor-carousel-image-overlay e-overlay-animation-fade\">\n\t\t\t\t\t\t\t<\/div>\n\t\t\t\t\t\t\t\t\t<\/div>\n\t\t\t\t\t\t\t\t\t\t\t<div class=\"swiper-slide\" role=\"group\" aria-roledescription=\"slide\">\n\t\t\t\t\t\t\t\t\t<div class=\"elementor-carousel-image swiper-lazy\" role=\"img\" aria-label=\"CookiesCreamMakersMarkBarrelstamp\" data-background=\"https:\/\/cookiescream.com\/wp-content\/uploads\/2025\/11\/CookiesCreamMakersMarkBarrelstamp.jpg\">\n\n\t\t\t\t\t\t\t<div class=\"swiper-lazy-preloader\"><\/div>\n\t\t\t\n\t\t\t\t\t<\/div>\n\t\t\t\t\t<div class=\"elementor-carousel-image-overlay e-overlay-animation-fade\">\n\t\t\t\t\t\t\t<\/div>\n\t\t\t\t\t\t\t\t\t<\/div>\n\t\t\t\t\t\t\t\t\t\t\t<div class=\"swiper-slide\" role=\"group\" aria-roledescription=\"slide\">\n\t\t\t\t\t\t\t\t\t<div class=\"elementor-carousel-image swiper-lazy\" role=\"img\" aria-label=\"Sam Doyle\" data-background=\"https:\/\/cookiescream.com\/wp-content\/uploads\/2025\/11\/CookiesCreamSamDoyleatMakersMark.jpg\">\n\n\t\t\t\t\t\t\t<div class=\"swiper-lazy-preloader\"><\/div>\n\t\t\t\n\t\t\t\t\t<\/div>\n\t\t\t\t\t<div class=\"elementor-carousel-image-overlay e-overlay-animation-fade\">\n\t\t\t\tSam Doyle\t\t\t<\/div>\n\t\t\t\t\t\t\t\t\t<\/div>\n\t\t\t\t\t\t\t\t\t<\/div>\n\t\t\t\t\t\t\t\t\t\t\t\t\t\t\t\t\t\t\t\t\t<\/div>\n\t\t\t\t<\/div>\n\t\t\t\t\t\t\t\t<\/div>\n\t\t\t\t<\/div>\n\t\t<div class=\"elementor-element elementor-element-8382940 e-con-full e-flex e-con e-child\" data-id=\"8382940\" data-element_type=\"container\" data-e-type=\"container\">\n\t\t<div class=\"elementor-element elementor-element-63f3390 e-con-full e-flex e-con e-child\" data-id=\"63f3390\" data-element_type=\"container\" data-e-type=\"container\">\n\t\t\t\t<div class=\"elementor-element elementor-element-fd6f10c elementor-widget elementor-widget-heading\" data-id=\"fd6f10c\" data-element_type=\"widget\" data-e-type=\"widget\" data-widget_type=\"heading.default\">\n\t\t\t\t<div class=\"elementor-widget-container\">\n\t\t\t\t\t<h2 class=\"elementor-heading-title elementor-size-default\">Cookies Cream x Maker's Mark Private Selection<\/h2>\t\t\t\t<\/div>\n\t\t\t\t<\/div>\n\t\t\t\t<div class=\"elementor-element elementor-element-6295d3a elementor-widget elementor-widget-text-editor\" data-id=\"6295d3a\" data-element_type=\"widget\" data-e-type=\"widget\" data-widget_type=\"text-editor.default\">\n\t\t\t\t<div class=\"elementor-widget-container\">\n\t\t\t\t\t\t\t\t\t<p>Es begann mit einer Reise nach Kentucky. Letzten Dezember flog Sam Doyle, Head of Bar im Cookies Cream, nach Star Hill Farm, um gemeinsam mit Maker\u2019s Mark einen Bourbon zu kreieren, der exklusiv f\u00fcr unser Restaurant abgef\u00fcllt wird. Das Ergebnis: ein Geschmacksprofil so mutig, unerwartet und tief wie Cookies Cream selbst. Ein Fass, 264 Flaschen und unz\u00e4hlige bourbongetr\u00e4nkte Holzdauben sp\u00e4ter \u2013 jetzt ist er da.<\/p>\t\t\t\t\t\t\t\t<\/div>\n\t\t\t\t<\/div>\n\t\t\t\t<div class=\"elementor-element elementor-element-e1d1f6e elementor-widget elementor-widget-button\" data-id=\"e1d1f6e\" data-element_type=\"widget\" data-e-type=\"widget\" data-widget_type=\"button.default\">\n\t\t\t\t<div class=\"elementor-widget-container\">\n\t\t\t\t\t\t\t\t\t<div class=\"elementor-button-wrapper\">\n\t\t\t\t\t<a class=\"elementor-button elementor-button-link elementor-size-sm\" href=\"?ft-product=0cd1cd55\">\n\t\t\t\t\t\t<span class=\"elementor-button-content-wrapper\">\n\t\t\t\t\t\t\t\t\t<span class=\"elementor-button-text\">Get Your Limited Bottle 165 \u20ac<\/span>\n\t\t\t\t\t<\/span>\n\t\t\t\t\t<\/a>\n\t\t\t\t<\/div>\n\t\t\t\t\t\t\t\t<\/div>\n\t\t\t\t<\/div>\n\t\t\t\t<\/div>\n\t\t<div class=\"elementor-element elementor-element-69ea8ec e-con-full e-flex e-con e-child\" data-id=\"69ea8ec\" data-element_type=\"container\" data-e-type=\"container\">\n\t\t<div class=\"elementor-element elementor-element-7a40207 e-con-full e-flex e-con e-child\" data-id=\"7a40207\" data-element_type=\"container\" data-e-type=\"container\">\n\t\t\t\t<div class=\"elementor-element elementor-element-d7a301d elementor-widget elementor-widget-heading\" data-id=\"d7a301d\" data-element_type=\"widget\" data-e-type=\"widget\" data-widget_type=\"heading.default\">\n\t\t\t\t<div class=\"elementor-widget-container\">\n\t\t\t\t\t<h2 class=\"elementor-heading-title elementor-size-default\">Warum Maker\u2019s Mark?<\/h2>\t\t\t\t<\/div>\n\t\t\t\t<\/div>\n\t\t\t\t<div class=\"elementor-element elementor-element-5604f3e elementor-widget elementor-widget-text-editor\" data-id=\"5604f3e\" data-element_type=\"widget\" data-e-type=\"widget\" data-widget_type=\"text-editor.default\">\n\t\t\t\t<div class=\"elementor-widget-container\">\n\t\t\t\t\t\t\t\t\t<p>Maker\u2019s Mark brennt seit 1953 in Loretto, Kentucky seinen ikonischen Bourbon \u2013 wiedererkennbar an der roten Wachskappe, gefeiert f\u00fcr seine weiche, volle Aromatik. Tradition trifft hier auf Experimentierfreude: vom Grain-to-Glass-Prinzip bis zum Private-Select-Programm, bei dem jede Flasche per Hand getaucht und jeder Blend individuell komponiert wird. Nachhaltigkeit, Handwerk, Charakter \u2013 alles an einem Ort.<\/p>\t\t\t\t\t\t\t\t<\/div>\n\t\t\t\t<\/div>\n\t\t\t\t<div class=\"elementor-element elementor-element-43208e0 elementor-widget elementor-widget-text-editor\" data-id=\"43208e0\" data-element_type=\"widget\" data-e-type=\"widget\" data-widget_type=\"text-editor.default\">\n\t\t\t\t<div class=\"elementor-widget-container\">\n\t\t\t\t\t\t\t\t\t<p><a href=\"https:\/\/www.makersmark.com\/\"><span style=\"background-color: transparent; letter-spacing: -0.3px;\">www.makersmark.com<\/span><\/a><\/p>\t\t\t\t\t\t\t\t<\/div>\n\t\t\t\t<\/div>\n\t\t\t\t<\/div>\n\t\t\t\t<\/div>\n\t\t\t\t<\/div>\n\t\t<div class=\"elementor-element elementor-element-C7Yfob2 e-con-full e-flex e-con e-child\" data-id=\"C7Yfob2\" data-element_type=\"container\" data-e-type=\"container\" data-settings=\"{&quot;background_background&quot;:&quot;classic&quot;}\">\n\t\t<div class=\"elementor-element elementor-element-oZLT6nq e-con-full e-flex e-con e-child\" data-id=\"oZLT6nq\" data-element_type=\"container\" data-e-type=\"container\">\n\t\t\t\t<div class=\"elementor-element elementor-element-q3lAkbQ elementor-widget elementor-widget-heading\" data-id=\"q3lAkbQ\" data-element_type=\"widget\" data-e-type=\"widget\" data-widget_type=\"heading.default\">\n\t\t\t\t<div class=\"elementor-widget-container\">\n\t\t\t\t\t<h2 class=\"elementor-heading-title elementor-size-default\">Auf der Suche nach einem besonderen Geschenk? <\/h2>\t\t\t\t<\/div>\n\t\t\t\t<\/div>\n\t\t\t\t<div class=\"elementor-element elementor-element-OtHyMOn elementor-widget elementor-widget-text-editor\" data-id=\"OtHyMOn\" data-element_type=\"widget\" data-e-type=\"widget\" data-widget_type=\"text-editor.default\">\n\t\t\t\t<div class=\"elementor-widget-container\">\n\t\t\t\t\t\t\t\t\t<p>Unsere Maker\u2019s Mark Private Selection bringt Cookies Cream Magie ins Glas: perfekt f\u00fcr Whiskey-Fans und alle, die das Au\u00dfergew\u00f6hnliche lieben. Ein St\u00fcck Berlin, eine echte Rarit\u00e4t \u2013 zum Verschenken oder selber trinken.<\/p>\t\t\t\t\t\t\t\t<\/div>\n\t\t\t\t<\/div>\n\t\t\t\t<div class=\"elementor-element elementor-element-166ff3f elementor-widget elementor-widget-text-editor\" data-id=\"166ff3f\" data-element_type=\"widget\" data-e-type=\"widget\" data-widget_type=\"text-editor.default\">\n\t\t\t\t<div class=\"elementor-widget-container\">\n\t\t\t\t\t\t\t\t\t<p>Der Cookies Cream Verschnitt?\u00a0<\/p>\t\t\t\t\t\t\t\t<\/div>\n\t\t\t\t<\/div>\n\t\t\t\t<div class=\"elementor-element elementor-element-e7f9b07 elementor-widget elementor-widget-text-editor\" data-id=\"e7f9b07\" data-element_type=\"widget\" data-e-type=\"widget\" data-widget_type=\"text-editor.default\">\n\t\t\t\t<div class=\"elementor-widget-container\">\n\t\t\t\t\t\t\t\t\t<p>Sanfte Vanille, ger\u00f6stete Gew\u00fcrze, ein Hauch Butterscotch und eine warme Karamellnote. Komplex genug zum Pur trinken, verspielt genug f\u00fcrs Mixen.<\/p>\t\t\t\t\t\t\t\t<\/div>\n\t\t\t\t<\/div>\n\t\t<div class=\"elementor-element elementor-element-dL0ITw8 e-flex e-con-boxed e-con e-child\" data-id=\"dL0ITw8\" data-element_type=\"container\" data-e-type=\"container\">\n\t\t\t\t\t<div class=\"e-con-inner\">\n\t\t\t\t<div class=\"elementor-element elementor-element-47ad5d2 elementor-widget elementor-widget-button\" data-id=\"47ad5d2\" data-element_type=\"widget\" data-e-type=\"widget\" data-widget_type=\"button.default\">\n\t\t\t\t<div class=\"elementor-widget-container\">\n\t\t\t\t\t\t\t\t\t<div class=\"elementor-button-wrapper\">\n\t\t\t\t\t<a class=\"elementor-button elementor-button-link elementor-size-sm\" href=\"?ft-product=0cd1cd55\">\n\t\t\t\t\t\t<span class=\"elementor-button-content-wrapper\">\n\t\t\t\t\t\t\t\t\t<span class=\"elementor-button-text\">Get Your Limited Bottle 165 \u20ac<\/span>\n\t\t\t\t\t<\/span>\n\t\t\t\t\t<\/a>\n\t\t\t\t<\/div>\n\t\t\t\t\t\t\t\t<\/div>\n\t\t\t\t<\/div>\n\t\t\t\t\t<\/div>\n\t\t\t\t<\/div>\n\t\t\t\t<\/div>\n\t\t<div class=\"elementor-element elementor-element-KEXnHAK e-con-full e-flex e-con e-child\" data-id=\"KEXnHAK\" data-element_type=\"container\" data-e-type=\"container\">\n\t\t\t\t<div class=\"elementor-element elementor-element-4CwPbsH elementor-widget elementor-widget-image\" data-id=\"4CwPbsH\" data-element_type=\"widget\" data-e-type=\"widget\" data-widget_type=\"image.default\">\n\t\t\t\t<div class=\"elementor-widget-container\">\n\t\t\t\t\t\t\t\t\t\t\t\t\t\t\t<img fetchpriority=\"high\" decoding=\"async\" width=\"1000\" height=\"1777\" src=\"https:\/\/cookiescream.com\/wp-content\/uploads\/2025\/11\/CookiesCreamMakersMarkBottle.jpg\" class=\"attachment-full size-full wp-image-8234\" alt=\"Eine Flasche Maker&#039;s Mark mit dem roten Wachssiegel und Cookies Cream Label\" srcset=\"https:\/\/cookiescream.com\/wp-content\/uploads\/2025\/11\/CookiesCreamMakersMarkBottle.jpg 1000w, https:\/\/cookiescream.com\/wp-content\/uploads\/2025\/11\/CookiesCreamMakersMarkBottle-576x1024.jpg 576w, https:\/\/cookiescream.com\/wp-content\/uploads\/2025\/11\/CookiesCreamMakersMarkBottle-768x1365.jpg 768w, https:\/\/cookiescream.com\/wp-content\/uploads\/2025\/11\/CookiesCreamMakersMarkBottle-864x1536.jpg 864w, https:\/\/cookiescream.com\/wp-content\/uploads\/2025\/11\/CookiesCreamMakersMarkBottle-7x12.jpg 7w\" sizes=\"(max-width: 1000px) 100vw, 1000px\" \/>\t\t\t\t\t\t\t\t\t\t\t\t\t\t\t<\/div>\n\t\t\t\t<\/div>\n\t\t\t\t<div class=\"elementor-element elementor-element-b747550 elementor-hidden-tablet_extra elementor-hidden-tablet elementor-hidden-mobile_extra elementor-widget elementor-widget-image\" data-id=\"b747550\" data-element_type=\"widget\" data-e-type=\"widget\" data-widget_type=\"image.default\">\n\t\t\t\t<div class=\"elementor-widget-container\">\n\t\t\t\t\t\t\t\t\t\t\t\t\t\t\t<img decoding=\"async\" width=\"1000\" height=\"1778\" src=\"https:\/\/cookiescream.com\/wp-content\/uploads\/2025\/11\/CookiesCreamMakersMarkBarrels.jpg\" class=\"attachment-full size-full wp-image-8237\" alt=\"\" srcset=\"https:\/\/cookiescream.com\/wp-content\/uploads\/2025\/11\/CookiesCreamMakersMarkBarrels.jpg 1000w, https:\/\/cookiescream.com\/wp-content\/uploads\/2025\/11\/CookiesCreamMakersMarkBarrels-576x1024.jpg 576w, https:\/\/cookiescream.com\/wp-content\/uploads\/2025\/11\/CookiesCreamMakersMarkBarrels-768x1366.jpg 768w, https:\/\/cookiescream.com\/wp-content\/uploads\/2025\/11\/CookiesCreamMakersMarkBarrels-864x1536.jpg 864w, https:\/\/cookiescream.com\/wp-content\/uploads\/2025\/11\/CookiesCreamMakersMarkBarrels-7x12.jpg 7w\" sizes=\"(max-width: 1000px) 100vw, 1000px\" \/>\t\t\t\t\t\t\t\t\t\t\t\t\t\t\t<\/div>\n\t\t\t\t<\/div>\n\t\t\t\t<\/div>\n\t\t\t\t<\/div>\n\t\t\t\t<\/div>\n\t\t\t\t<\/div>","protected":false},"excerpt":{"rendered":"<p>A Bourbon Of Our Own Jan Forsberg of Maker&#8217;s Mark and Sam Doyle of Cookies Cream Sam Doyle Cookies Cream x Maker&#8217;s Mark Private Selection It started with a trip to Kentucky. Last December, Sam Doyle, Head of Bar at Cookies Cream, travelled to Maker\u2019s Mark\u2019s Star Hill Farm in Kentucky, to craft a Private [&hellip;]<\/p>\n","protected":false},"author":1,"featured_media":8234,"parent":0,"menu_order":0,"comment_status":"closed","ping_status":"closed","template":"elementor_header_footer","meta":{"footnotes":""},"class_list":["post-8229","page","type-page","status-publish","has-post-thumbnail","hentry"],"yoast_head":"<!-- This site is optimized with the Yoast SEO plugin v27.4 - https:\/\/yoast.com\/product\/yoast-seo-wordpress\/ -->\n<title>Gifts at Cookies Cream | Get our Maker&#039;s Mark Private Selection<\/title>\n<meta name=\"description\" content=\"Experience the magic of Cookies Cream with our Maker\u2019s Mark Private Selection bourbon. Get your own bottle here.\" \/>\n<meta name=\"robots\" content=\"index, follow, max-snippet:-1, max-image-preview:large, max-video-preview:-1\" \/>\n<link rel=\"canonical\" href=\"https:\/\/cookiescream.com\/de\/makersmark\/\" \/>\n<meta property=\"og:locale\" content=\"de_DE\" \/>\n<meta property=\"og:type\" content=\"article\" \/>\n<meta property=\"og:title\" content=\"Gifts at Cookies Cream | Get our Maker&#039;s Mark Private Selection\" \/>\n<meta property=\"og:description\" content=\"Experience the magic of Cookies Cream with our Maker\u2019s Mark Private Selection bourbon. Get your own bottle here.\" \/>\n<meta property=\"og:url\" content=\"https:\/\/cookiescream.com\/de\/makersmark\/\" \/>\n<meta property=\"og:site_name\" content=\"Cookies Cream\" \/>\n<meta property=\"article:publisher\" content=\"https:\/\/www.facebook.com\/CookiesCreamBerlin\" \/>\n<meta property=\"article:modified_time\" content=\"2025-11-20T11:47:44+00:00\" \/>\n<meta property=\"og:image\" content=\"https:\/\/cookiescream.com\/wp-content\/uploads\/2025\/11\/CookiesCreamMakersMarkBottle.jpg\" \/>\n\t<meta property=\"og:image:width\" content=\"1000\" \/>\n\t<meta property=\"og:image:height\" content=\"1777\" \/>\n\t<meta property=\"og:image:type\" content=\"image\/jpeg\" \/>\n<meta name=\"twitter:card\" content=\"summary_large_image\" \/>\n<meta name=\"twitter:label1\" content=\"Gesch\u00e4tzte Lesezeit\" \/>\n\t<meta name=\"twitter:data1\" content=\"2\u00a0Minuten\" \/>\n<script type=\"application\/ld+json\" class=\"yoast-schema-graph\">{\"@context\":\"https:\\\/\\\/schema.org\",\"@graph\":[{\"@type\":\"WebPage\",\"@id\":\"https:\\\/\\\/cookiescream.com\\\/makersmark\\\/\",\"url\":\"https:\\\/\\\/cookiescream.com\\\/makersmark\\\/\",\"name\":\"Gifts at Cookies Cream | Get our Maker's Mark Private Selection\",\"isPartOf\":{\"@id\":\"https:\\\/\\\/cookiescream.com\\\/#website\"},\"primaryImageOfPage\":{\"@id\":\"https:\\\/\\\/cookiescream.com\\\/makersmark\\\/#primaryimage\"},\"image\":{\"@id\":\"https:\\\/\\\/cookiescream.com\\\/makersmark\\\/#primaryimage\"},\"thumbnailUrl\":\"https:\\\/\\\/cookiescream.com\\\/wp-content\\\/uploads\\\/2025\\\/11\\\/CookiesCreamMakersMarkBottle.jpg\",\"datePublished\":\"2025-11-09T15:29:36+00:00\",\"dateModified\":\"2025-11-20T11:47:44+00:00\",\"description\":\"Experience the magic of Cookies Cream with our Maker\u2019s Mark Private Selection bourbon. Get your own bottle here.\",\"breadcrumb\":{\"@id\":\"https:\\\/\\\/cookiescream.com\\\/makersmark\\\/#breadcrumb\"},\"inLanguage\":\"de\",\"potentialAction\":[{\"@type\":\"ReadAction\",\"target\":[\"https:\\\/\\\/cookiescream.com\\\/makersmark\\\/\"]}]},{\"@type\":\"ImageObject\",\"inLanguage\":\"de\",\"@id\":\"https:\\\/\\\/cookiescream.com\\\/makersmark\\\/#primaryimage\",\"url\":\"https:\\\/\\\/cookiescream.com\\\/wp-content\\\/uploads\\\/2025\\\/11\\\/CookiesCreamMakersMarkBottle.jpg\",\"contentUrl\":\"https:\\\/\\\/cookiescream.com\\\/wp-content\\\/uploads\\\/2025\\\/11\\\/CookiesCreamMakersMarkBottle.jpg\",\"width\":1000,\"height\":1777,\"caption\":\"A bottle of Marker's Mark with the red wax seal and a Cookies Cream Label\"},{\"@type\":\"BreadcrumbList\",\"@id\":\"https:\\\/\\\/cookiescream.com\\\/makersmark\\\/#breadcrumb\",\"itemListElement\":[{\"@type\":\"ListItem\",\"position\":1,\"name\":\"Home\",\"item\":\"https:\\\/\\\/cookiescream.com\\\/\"},{\"@type\":\"ListItem\",\"position\":2,\"name\":\"Gifts at Cookies Cream | Get our Maker&#8217;s Mark Private Selection\"}]},{\"@type\":\"WebSite\",\"@id\":\"https:\\\/\\\/cookiescream.com\\\/#website\",\"url\":\"https:\\\/\\\/cookiescream.com\\\/\",\"name\":\"Cookies Cream\",\"description\":\"Germany\u2019s first Michelin-starred vegetarian restaurant in Berlin Mitte\",\"publisher\":{\"@id\":\"https:\\\/\\\/cookiescream.com\\\/#organization\"},\"alternateName\":\"Cookies Cream Restaurant Berlin\",\"potentialAction\":[{\"@type\":\"SearchAction\",\"target\":{\"@type\":\"EntryPoint\",\"urlTemplate\":\"https:\\\/\\\/cookiescream.com\\\/?s={search_term_string}\"},\"query-input\":{\"@type\":\"PropertyValueSpecification\",\"valueRequired\":true,\"valueName\":\"search_term_string\"}}],\"inLanguage\":\"de\"},{\"@type\":\"Organization\",\"@id\":\"https:\\\/\\\/cookiescream.com\\\/#organization\",\"name\":\"Cookies Cream\",\"alternateName\":\"Cookies Cream Restaurant Berlin\",\"url\":\"https:\\\/\\\/cookiescream.com\\\/\",\"logo\":{\"@type\":\"ImageObject\",\"inLanguage\":\"de\",\"@id\":\"https:\\\/\\\/cookiescream.com\\\/#\\\/schema\\\/logo\\\/image\\\/\",\"url\":\"https:\\\/\\\/cookiescream.com\\\/wp-content\\\/uploads\\\/2025\\\/10\\\/CookiesCreamLogoMi.png\",\"contentUrl\":\"https:\\\/\\\/cookiescream.com\\\/wp-content\\\/uploads\\\/2025\\\/10\\\/CookiesCreamLogoMi.png\",\"width\":473,\"height\":473,\"caption\":\"Cookies Cream\"},\"image\":{\"@id\":\"https:\\\/\\\/cookiescream.com\\\/#\\\/schema\\\/logo\\\/image\\\/\"},\"sameAs\":[\"https:\\\/\\\/www.facebook.com\\\/CookiesCreamBerlin\",\"https:\\\/\\\/www.instagram.com\\\/cookiescreamberlin\"]}]}<\/script>\n<!-- \/ Yoast SEO plugin. -->","yoast_head_json":{"title":"Geschenke bei Cookies Cream | Unsere Maker\u2019s Mark Private Selection","description":"Erlebe die Cookies-Cream-Magie mit unserer exklusiven Maker\u2019s Mark Private Selection.\nHol dir deine Flasche hier.","robots":{"index":"index","follow":"follow","max-snippet":"max-snippet:-1","max-image-preview":"max-image-preview:large","max-video-preview":"max-video-preview:-1"},"canonical":"https:\/\/cookiescream.com\/de\/makersmark\/","og_locale":"de_DE","og_type":"article","og_title":"Gifts at Cookies Cream | Get our Maker's Mark Private Selection","og_description":"Experience the magic of Cookies Cream with our Maker\u2019s Mark Private Selection bourbon. Get your own bottle here.","og_url":"https:\/\/cookiescream.com\/de\/makersmark\/","og_site_name":"Cookies Cream","article_publisher":"https:\/\/www.facebook.com\/CookiesCreamBerlin","article_modified_time":"2025-11-20T11:47:44+00:00","og_image":[{"width":1000,"height":1777,"url":"https:\/\/cookiescream.com\/wp-content\/uploads\/2025\/11\/CookiesCreamMakersMarkBottle.jpg","type":"image\/jpeg"}],"twitter_card":"summary_large_image","twitter_misc":{"Gesch\u00e4tzte Lesezeit":"2\u00a0Minuten"},"schema":{"@context":"https:\/\/schema.org","@graph":[{"@type":"WebPage","@id":"https:\/\/cookiescream.com\/makersmark\/","url":"https:\/\/cookiescream.com\/makersmark\/","name":"Geschenke bei Cookies Cream | Unsere Maker\u2019s Mark Private Selection","isPartOf":{"@id":"https:\/\/cookiescream.com\/#website"},"primaryImageOfPage":{"@id":"https:\/\/cookiescream.com\/makersmark\/#primaryimage"},"image":{"@id":"https:\/\/cookiescream.com\/makersmark\/#primaryimage"},"thumbnailUrl":"https:\/\/cookiescream.com\/wp-content\/uploads\/2025\/11\/CookiesCreamMakersMarkBottle.jpg","datePublished":"2025-11-09T15:29:36+00:00","dateModified":"2025-11-20T11:47:44+00:00","description":"Erlebe die Cookies-Cream-Magie mit unserer exklusiven Maker\u2019s Mark Private Selection.\nHol dir deine Flasche hier.","breadcrumb":{"@id":"https:\/\/cookiescream.com\/makersmark\/#breadcrumb"},"inLanguage":"de","potentialAction":[{"@type":"ReadAction","target":["https:\/\/cookiescream.com\/makersmark\/"]}]},{"@type":"ImageObject","inLanguage":"de","@id":"https:\/\/cookiescream.com\/makersmark\/#primaryimage","url":"https:\/\/cookiescream.com\/wp-content\/uploads\/2025\/11\/CookiesCreamMakersMarkBottle.jpg","contentUrl":"https:\/\/cookiescream.com\/wp-content\/uploads\/2025\/11\/CookiesCreamMakersMarkBottle.jpg","width":1000,"height":1777,"caption":"A bottle of Marker's Mark with the red wax seal and a Cookies Cream Label"},{"@type":"BreadcrumbList","@id":"https:\/\/cookiescream.com\/makersmark\/#breadcrumb","itemListElement":[{"@type":"ListItem","position":1,"name":"Home","item":"https:\/\/cookiescream.com\/"},{"@type":"ListItem","position":2,"name":"Gifts at Cookies Cream | Get our Maker&#8217;s Mark Private Selection"}]},{"@type":"WebSite","@id":"https:\/\/cookiescream.com\/#website","url":"https:\/\/cookiescream.com\/","name":"Cookies Cream","description":"Germany\u2019s first Michelin-starred vegetarian restaurant in Berlin Mitte","publisher":{"@id":"https:\/\/cookiescream.com\/#organization"},"alternateName":"Cookies Cream Restaurant Berlin","potentialAction":[{"@type":"SearchAction","target":{"@type":"EntryPoint","urlTemplate":"https:\/\/cookiescream.com\/?s={search_term_string}"},"query-input":{"@type":"PropertyValueSpecification","valueRequired":true,"valueName":"search_term_string"}}],"inLanguage":"de"},{"@type":"Organization","@id":"https:\/\/cookiescream.com\/#organization","name":"Cookies Cream","alternateName":"Cookies Cream Restaurant Berlin","url":"https:\/\/cookiescream.com\/","logo":{"@type":"ImageObject","inLanguage":"de","@id":"https:\/\/cookiescream.com\/#\/schema\/logo\/image\/","url":"https:\/\/cookiescream.com\/wp-content\/uploads\/2025\/10\/CookiesCreamLogoMi.png","contentUrl":"https:\/\/cookiescream.com\/wp-content\/uploads\/2025\/10\/CookiesCreamLogoMi.png","width":473,"height":473,"caption":"Cookies Cream"},"image":{"@id":"https:\/\/cookiescream.com\/#\/schema\/logo\/image\/"},"sameAs":["https:\/\/www.facebook.com\/CookiesCreamBerlin","https:\/\/www.instagram.com\/cookiescreamberlin"]}]}},"_links":{"self":[{"href":"https:\/\/cookiescream.com\/de\/wp-json\/wp\/v2\/pages\/8229","targetHints":{"allow":["GET"]}}],"collection":[{"href":"https:\/\/cookiescream.com\/de\/wp-json\/wp\/v2\/pages"}],"about":[{"href":"https:\/\/cookiescream.com\/de\/wp-json\/wp\/v2\/types\/page"}],"author":[{"embeddable":true,"href":"https:\/\/cookiescream.com\/de\/wp-json\/wp\/v2\/users\/1"}],"replies":[{"embeddable":true,"href":"https:\/\/cookiescream.com\/de\/wp-json\/wp\/v2\/comments?post=8229"}],"version-history":[{"count":89,"href":"https:\/\/cookiescream.com\/de\/wp-json\/wp\/v2\/pages\/8229\/revisions"}],"predecessor-version":[{"id":8359,"href":"https:\/\/cookiescream.com\/de\/wp-json\/wp\/v2\/pages\/8229\/revisions\/8359"}],"wp:featuredmedia":[{"embeddable":true,"href":"https:\/\/cookiescream.com\/de\/wp-json\/wp\/v2\/media\/8234"}],"wp:attachment":[{"href":"https:\/\/cookiescream.com\/de\/wp-json\/wp\/v2\/media?parent=8229"}],"curies":[{"name":"wp","href":"https:\/\/api.w.org\/{rel}","templated":true}]}}